{"id":651,"date":"2017-06-27T06:20:05","date_gmt":"2017-06-27T06:20:05","guid":{"rendered":"http:\/\/dummy.xtemos.com\/woodmart\/demos\/?page_id=651"},"modified":"2019-01-16T23:14:37","modified_gmt":"2019-01-17T04:14:37","slug":"contactenos","status":"publish","type":"page","link":"https:\/\/www.ocdcollectibles.com\/en\/contactenos\/","title":{"rendered":"Contact Us"},"content":{"rendered":"<div class=\"wpb-content-wrapper\"><body><p>[vc_row full_width=\u201dstretch_row_content_no_spaces\u201d css_animation=\u201dfadeIn\u201d css=\u201d.vc_custom_1484584585742{margin-top: -40px !important;margin-bottom: 8vh !important;}\u201d][vc_column]\t\t\t<div class=\"google-map-container wd-map-container   wd-rs-69ea37bd02400\" style=\"height: 300px\" data-map-args='{\"multiple_markers\":\"no\",\"latitude\":\"4.591504899999999\",\"longitude\":\"-74.12422549999997\",\"zoom\":\"14\",\"mouse_zoom\":\"no\",\"init_type\":\"page_load\",\"init_offset\":\"100\",\"elementor\":false,\"json_style\":\"[{\\\"featureType\\\":\\\"landscape.man_made\\\",\\\"elementType\\\":\\\"geometry.fill\\\",\\\"stylers\\\":[{\\\"color\\\":\\\"#e9e5dc\\\"}]},{\\\"featureType\\\":\\\"landscape.natural\\\",\\\"elementType\\\":\\\"geometry.fill\\\",\\\"stylers\\\":[{\\\"visibility\\\":\\\"on\\\"},{\\\"color\\\":\\\"#b8cb93\\\"}]},{\\\"featureType\\\":\\\"poi\\\",\\\"elementType\\\":\\\"all\\\",\\\"stylers\\\":[{\\\"visibility\\\":\\\"off\\\"}]},{\\\"featureType\\\":\\\"poi.business\\\",\\\"elementType\\\":\\\"all\\\",\\\"stylers\\\":[{\\\"visibility\\\":\\\"simplified\\\"}]},{\\\"featureType\\\":\\\"poi.medical\\\",\\\"elementType\\\":\\\"all\\\",\\\"stylers\\\":[{\\\"visibility\\\":\\\"on\\\"}]},{\\\"featureType\\\":\\\"poi.park\\\",\\\"elementType\\\":\\\"all\\\",\\\"stylers\\\":[{\\\"visibility\\\":\\\"on\\\"}]},{\\\"featureType\\\":\\\"poi.park\\\",\\\"elementType\\\":\\\"geometry.fill\\\",\\\"stylers\\\":[{\\\"color\\\":\\\"#ccdca1\\\"}]},{\\\"featureType\\\":\\\"poi.sports_complex\\\",\\\"elementType\\\":\\\"all\\\",\\\"stylers\\\":[{\\\"visibility\\\":\\\"on\\\"}]},{\\\"featureType\\\":\\\"road\\\",\\\"elementType\\\":\\\"geometry.fill\\\",\\\"stylers\\\":[{\\\"hue\\\":\\\"#ff0000\\\"},{\\\"saturation\\\":-100},{\\\"lightness\\\":99}]},{\\\"featureType\\\":\\\"road\\\",\\\"elementType\\\":\\\"geometry.stroke\\\",\\\"stylers\\\":[{\\\"color\\\":\\\"#808080\\\"},{\\\"lightness\\\":54},{\\\"visibility\\\":\\\"off\\\"}]},{\\\"featureType\\\":\\\"road\\\",\\\"elementType\\\":\\\"labels.text.fill\\\",\\\"stylers\\\":[{\\\"color\\\":\\\"#767676\\\"}]},{\\\"featureType\\\":\\\"road\\\",\\\"elementType\\\":\\\"labels.text.stroke\\\",\\\"stylers\\\":[{\\\"color\\\":\\\"#ffffff\\\"}]},{\\\"featureType\\\":\\\"water\\\",\\\"elementType\\\":\\\"all\\\",\\\"stylers\\\":[{\\\"saturation\\\":43},{\\\"lightness\\\":-11},{\\\"color\\\":\\\"#89cada\\\"}]}]\",\"marker_icon\":\"https:\\\/\\\/www.ocdcollectibles.com\\\/wp-content\\\/themes\\\/woodmart\\\/inc\\\/admin\\\/assets\\\/images\\\/google-icon.png\",\"marker_icon_size\":\"\",\"marker_text_needed\":\"no\",\"marker_text\":\"<h3 style=\\\"min-width:300px; text-align:center; margin:15px;\\\"><\\\/h3>\",\"selector\":\"wd-map-id-69ea37bd02988\",\"markers\":\"\",\"center\":\"\"}'>\n\t\t\t\t\n\t\t\t\t\n\t\t\t\t<div class=\"wd-google-map-wrapper wd-map-wrapper wd-fill\">\n\t\t\t\t\t<div id=\"wd-map-id-69ea37bd02988\" class=\"wd-google-map without-content wd-fill\"><\/div>\n\t\t\t\t<\/div>\n\n\t\t\t\t\t\t\t<\/div>\n\t\t[\/vc_column][\/vc_row][vc_row equal_height=\u201dyes\u201d css_animation=\u201dfadeIn\u201d css=\u201d.vc_custom_1496931930911{margin-right: -40px !important;margin-left: -40px !important;}\u201d][vc_column offset=\u201dvc_col-lg-6 vc_col-md-6\u2033 css=\u201d.vc_custom_1496932335926{border-right-width: 1px !important;padding-top: 20px !important;padding-right: 40px !important;padding-bottom: 10px !important;padding-left: 40px !important;border-right-color: rgba(129,129,129,0.2) !important;border-right-style: solid !important;}\u201d]\n\t\t<div id=\"wd-69ea37bd029f9\" class=\"title-wrapper wd-wpb wd-set-mb reset-last-child  wd-title-color-default wd-title-style-bordered text-left vc_custom_1526609177607 wd-underline-colored\">\n\t\t\t\n\t\t\t<div class=\"liner-continer\">\n\t\t\t\t<h4 class=\"woodmart-title-container title  wd-font-weight- wd-fontsize-l\" >WRITE US<\/h4>\n\t\t\t\t\t\t\t<\/div>\n\t\t\t\n\t\t\t\n\t\t\t\n\t\t<\/div>\n\t\t\n\t\t<p class=\"wpcf7-contact-form-not-found\"><strong>Error:<\/strong> Contact form not found.<\/p>[\/vc_column][vc_column offset=\u201dvc_col-lg-6 vc_col-md-6\u2033 css=\u201d.vc_custom_1496932331302{padding-top: 20px !important;padding-right: 40px !important;padding-bottom: 10px !important;padding-left: 40px !important;}\u201d]\n\t\t<div id=\"wd-69ea37bd02b13\" class=\"title-wrapper wd-wpb wd-set-mb reset-last-child  wd-title-color-default wd-title-style-bordered text-left vc_custom_1526609194529 wd-underline-colored\">\n\t\t\t\n\t\t\t<div class=\"liner-continer\">\n\t\t\t\t<h4 class=\"woodmart-title-container title  wd-font-weight- wd-fontsize-l\" >THANKS FOR VISITING US<\/h4>\n\t\t\t\t\t\t\t<\/div>\n\t\t\t\n\t\t\t\n\t\t\t\n\t\t<\/div>\n\t\t\n\t\t[vc_column_text css=\u201d.vc_custom_1526003633153{margin-bottom: 0px !important;}\u201d]<\/p>\n<p style=\"text-align: justify;\">Para cualquier inquietud \u00f3 pregunta, no dudes en escribirnos en nuestro formulario de contacto y con gusto te responderemos lo antes posible, as\u00ed mismo tambi\u00e9n puedes comunicarte con nosotros a trav\u00e9s de nuestras redes sociales.<\/p>\n<p>[\/vc_column_text][vc_icon icon_fontawesome=\u201dfa fa-facebook-square\u201d link=\u201durl:https%3A%2F%2Fwww.facebook.com|||\u201d css=\u201d.vc_custom_1526003826097{margin-top: 0px !important;margin-bottom: 0px !important;}\u201d el_class=\u201diconoleft\u201d][vc_icon icon_fontawesome=\u201dfa fa-instagram\u201d color=\u201dmulled_wine\u201d link=\u201durl:https%3A%2F%2Fwww.instagram.com|||\u201d css=\u201d.vc_custom_1526004073123{margin-top: 0px !important;margin-bottom: 0px !important;}\u201d el_class=\u201diconoleft\u201d][vc_icon icon_fontawesome=\u201dfa fa-whatsapp\u201d color=\u201dgreen\u201d link=\u201durl:https%3A%2F%2Fapi.whatsapp.com%2Fsend%3Fphone%3D573153008244|||\u201d css=\u201d.vc_custom_1526003813039{margin-top: 0px !important;margin-bottom: 0px !important;}\u201d el_class=\u201diconoleft\u201d][vc_empty_space height=\u201d90px\u201d]\n\t\t<div id=\"wd-69ea37bd02b4d\" class=\"title-wrapper wd-wpb wd-set-mb reset-last-child  wd-title-color-default wd-title-style-bordered text-left vc_custom_1526609219415 wd-underline-colored\">\n\t\t\t\n\t\t\t<div class=\"liner-continer\">\n\t\t\t\t<h4 class=\"woodmart-title-container title  wd-font-weight- wd-fontsize-l\" >CONTACT US<\/h4>\n\t\t\t\t\t\t\t<\/div>\n\t\t\t\n\t\t\t\n\t\t\t\n\t\t<\/div>\n\t\t\n\t\t[vc_row_inner css=\u201d.vc_custom_1484253288811{margin-bottom: 0px !important;}\u201d][vc_column_inner width=\u201d1\/2\u2033]\t\t\t<div class=\"info-box-wrapper\">\n\t\t\t\t<div id=\"wd-69ea37bd02b82\" class=\" wd-info-box wd-wpb text-left box-icon-align-left box-style- color-scheme- wd-bg-none wd-items-top vc_custom_1526609229971\">\n\t\t\t\t\t\t\t\t\t\t\t<div class=\"box-icon-wrapper  box-with-icon box-icon-simple\">\n\t\t\t\t\t\t\t<div class=\"info-box-icon\">\n\n\t\t\t\t\t\t\t\n\t\t\t\t\t\t\t\t\t\t\t\t\t\t\t\t\t\t\t\t\t\t\t\t\t\t\t\t\t\t\t\t\n\t\t\t\t\t\t\t<\/div>\n\t\t\t\t\t\t<\/div>\n\t\t\t\t\t\t\t\t\t\t<div class=\"info-box-content\">\n\t\t\t\t\t\t\t\t\t\t\t\t<div class=\"info-box-inner reset-last-child\"><p><span style=\"color: #333333;\"><strong>Phone:<\/strong><\/span><br \/>\n(57 1) 315-3008244<br \/>\n(57 1) 316-3308055<\/p>\n<\/div>\n\n\t\t\t\t\t\t\t\t\t\t\t<\/div>\n\n\t\t\t\t\t\n\t\t\t\t\t\t\t\t\t<\/div>\n\t\t\t<\/div>\n\t\t[\/vc_column_inner][vc_column_inner width=\u201d1\/2\u2033]\t\t\t<div class=\"info-box-wrapper\">\n\t\t\t\t<div id=\"wd-69ea37bd031a7\" class=\" wd-info-box wd-wpb text-left box-icon-align-left box-style- color-scheme- wd-bg-none wd-items-top vc_custom_1526004691904\">\n\t\t\t\t\t\t\t\t\t\t\t<div class=\"box-icon-wrapper  box-with-icon box-icon-simple\">\n\t\t\t\t\t\t\t<div class=\"info-box-icon\">\n\n\t\t\t\t\t\t\t\n\t\t\t\t\t\t\t\t\t\t\t\t\t\t\t\t\t<div class=\"info-svg-wrapper\" style=\"width: 45px;height: 45px;\"><img decoding=\"async\"  src=\"https:\/\/www.ocdcollectibles.com\/wp-content\/uploads\/sobre.svg\" title=\"sobre\" loading=\"lazy\" width=\"45\" height=\"45\"><\/div>\t\t\t\t\t\t\t\t\t\t\t\t\t\t\t\n\t\t\t\t\t\t\t<\/div>\n\t\t\t\t\t\t<\/div>\n\t\t\t\t\t\t\t\t\t\t<div class=\"info-box-content\">\n\t\t\t\t\t\t\t\t\t\t\t\t<div class=\"info-box-inner reset-last-child\"><p><span style=\"color: #333333;\"><strong>Email:<\/strong><\/span><br \/>\ninfo@ocdcollectibles.com<\/p>\n<\/div>\n\n\t\t\t\t\t\t\t\t\t\t\t<\/div>\n\n\t\t\t\t\t\n\t\t\t\t\t\t\t\t\t<\/div>\n\t\t\t<\/div>\n\t\t[\/vc_column_inner][\/vc_row_inner][vc_separator css=\u201d.vc_custom_1484254145420{margin-bottom: 30px !important;}\u201d][vc_column_text css=\u201d.vc_custom_1526609260014{margin-bottom: 0px !important;}\u201d]<strong>Would you like to be a Distributor?<\/strong><br>\nSoon we will enable this option so that you can become one of our distributors.[\/vc_column_text][\/vc_column][\/vc_row]<\/p>\n<\/body><\/div>","protected":false},"excerpt":{"rendered":"<p>[vc_row full_width=\u201dstretch_row_content_no_spaces\u201d css_animation=\u201dfadeIn\u201d css=\u201d.vc_custom_1484584585742{margin-top: -40px !important;margin-bottom: 8vh !important;}\u201d][vc_column][\/vc_column][\/vc_row][vc_row equal_height=\u201dyes\u201d css_animation=\u201dfadeIn\u201d css=\u201d.vc_custom_1496931930911{margin-right: -40px !important;margin-left: -40px !important;}\u201d][vc_column offset=\u201dvc_col-lg-6 vc_col-md-6\u2033 css=\u201d.vc_custom_1496932335926{border-right-width: 1px !important;padding-top:<\/p>\n","protected":false},"author":1,"featured_media":0,"parent":0,"menu_order":0,"comment_status":"closed","ping_status":"closed","template":"","meta":{"footnotes":""},"class_list":["post-651","page","type-page","status-publish","hentry"],"_links":{"self":[{"href":"https:\/\/www.ocdcollectibles.com\/en\/wp-json\/wp\/v2\/pages\/651","targetHints":{"allow":["GET"]}}],"collection":[{"href":"https:\/\/www.ocdcollectibles.com\/en\/wp-json\/wp\/v2\/pages"}],"about":[{"href":"https:\/\/www.ocdcollectibles.com\/en\/wp-json\/wp\/v2\/types\/page"}],"author":[{"embeddable":true,"href":"https:\/\/www.ocdcollectibles.com\/en\/wp-json\/wp\/v2\/users\/1"}],"replies":[{"embeddable":true,"href":"https:\/\/www.ocdcollectibles.com\/en\/wp-json\/wp\/v2\/comments?post=651"}],"version-history":[{"count":1,"href":"https:\/\/www.ocdcollectibles.com\/en\/wp-json\/wp\/v2\/pages\/651\/revisions"}],"predecessor-version":[{"id":2094,"href":"https:\/\/www.ocdcollectibles.com\/en\/wp-json\/wp\/v2\/pages\/651\/revisions\/2094"}],"wp:attachment":[{"href":"https:\/\/www.ocdcollectibles.com\/en\/wp-json\/wp\/v2\/media?parent=651"}],"curies":[{"name":"wp","href":"https:\/\/api.w.org\/{rel}","templated":true}]}}